{"id":86,"date":"2024-07-23T21:13:32","date_gmt":"2024-07-23T21:13:32","guid":{"rendered":"https:\/\/intercor.com.mx\/?page_id=86"},"modified":"2024-07-23T21:13:32","modified_gmt":"2024-07-23T21:13:32","slug":"sin-duda-su-mejor-opcion","status":"publish","type":"page","link":"https:\/\/intercor.com.mx\/?page_id=86","title":{"rendered":"Sin duda su mejor opci\u00f3n"},"content":{"rendered":"\n<div class=\"wp-block-columns is-layout-flex wp-container-core-columns-is-layout-28f84493 wp-block-columns-is-layout-flex\">\n<div class=\"wp-block-column is-layout-flow wp-block-column-is-layout-flow\">\n<figure class=\"wp-block-image size-large\"><img loading=\"lazy\" decoding=\"async\" width=\"1024\" height=\"512\" src=\"https:\/\/intercor.com.mx\/wp-content\/uploads\/2024\/07\/Imagen2-1024x512.jpeg\" alt=\"\" class=\"wp-image-89\" srcset=\"https:\/\/intercor.com.mx\/wp-content\/uploads\/2024\/07\/Imagen2-1024x512.jpeg 1024w, https:\/\/intercor.com.mx\/wp-content\/uploads\/2024\/07\/Imagen2-300x150.jpeg 300w, https:\/\/intercor.com.mx\/wp-content\/uploads\/2024\/07\/Imagen2-768x384.jpeg 768w, https:\/\/intercor.com.mx\/wp-content\/uploads\/2024\/07\/Imagen2-1536x768.jpeg 1536w, https:\/\/intercor.com.mx\/wp-content\/uploads\/2024\/07\/Imagen2.jpeg 1600w\" sizes=\"auto, (max-width: 1024px) 100vw, 1024px\" \/><\/figure>\n<\/div>\n\n\n\n<div class=\"wp-block-column is-layout-flow wp-block-column-is-layout-flow\">\n<p>Intercor ERP le ayuda en sus tareas diarias, adem\u00e1s le ayudara a planear,  supervisar y controlar los recursos de su organizaci\u00f3n.<\/p>\n<\/div>\n<\/div>\n\n\n\n<div class=\"wp-block-columns is-layout-flex wp-container-core-columns-is-layout-28f84493 wp-block-columns-is-layout-flex\">\n<div class=\"wp-block-column is-layout-flow wp-block-column-is-layout-flow\">\n<p>Panel de Control, An\u00e1lisis de Ventas \/ Utilidad, CXC, CXP , Gastos<\/p>\n<\/div>\n\n\n\n<div class=\"wp-block-column is-layout-flow wp-block-column-is-layout-flow\">\n<figure class=\"wp-block-image size-large is-resized\"><img loading=\"lazy\" decoding=\"async\" width=\"1024\" height=\"537\" src=\"https:\/\/intercor.com.mx\/wp-content\/uploads\/2024\/07\/ControlGerencial1-1024x537.png\" alt=\"\" class=\"wp-image-90\" style=\"width:585px;height:auto\" srcset=\"https:\/\/intercor.com.mx\/wp-content\/uploads\/2024\/07\/ControlGerencial1-1024x537.png 1024w, https:\/\/intercor.com.mx\/wp-content\/uploads\/2024\/07\/ControlGerencial1-300x157.png 300w, https:\/\/intercor.com.mx\/wp-content\/uploads\/2024\/07\/ControlGerencial1-768x403.png 768w, https:\/\/intercor.com.mx\/wp-content\/uploads\/2024\/07\/ControlGerencial1.png 1352w\" sizes=\"auto, (max-width: 1024px) 100vw, 1024px\" \/><\/figure>\n<\/div>\n<\/div>\n\n\n\n<div class=\"wp-block-columns is-layout-flex wp-container-core-columns-is-layout-28f84493 wp-block-columns-is-layout-flex\">\n<div class=\"wp-block-column is-layout-flow wp-block-column-is-layout-flow\">\n<p>Costos directos e indirectos que le determinan la Utilidad total y Utilidad a nivel Articulo <\/p>\n<\/div>\n\n\n\n<div class=\"wp-block-column is-layout-flow wp-block-column-is-layout-flow\">\n<figure class=\"wp-block-image size-large is-resized\"><img loading=\"lazy\" decoding=\"async\" width=\"1024\" height=\"642\" src=\"https:\/\/intercor.com.mx\/wp-content\/uploads\/2024\/07\/UtilidadPorArticulo1-1024x642.png\" alt=\"\" class=\"wp-image-92\" style=\"width:586px;height:auto\" srcset=\"https:\/\/intercor.com.mx\/wp-content\/uploads\/2024\/07\/UtilidadPorArticulo1-1024x642.png 1024w, https:\/\/intercor.com.mx\/wp-content\/uploads\/2024\/07\/UtilidadPorArticulo1-300x188.png 300w, https:\/\/intercor.com.mx\/wp-content\/uploads\/2024\/07\/UtilidadPorArticulo1-768x481.png 768w, https:\/\/intercor.com.mx\/wp-content\/uploads\/2024\/07\/UtilidadPorArticulo1.png 1032w\" sizes=\"auto, (max-width: 1024px) 100vw, 1024px\" \/><\/figure>\n<\/div>\n<\/div>\n\n\n\n<figure class=\"wp-block-image size-large is-resized\"><img loading=\"lazy\" decoding=\"async\" width=\"1024\" height=\"630\" src=\"https:\/\/intercor.com.mx\/wp-content\/uploads\/2024\/07\/AnalisisGastos1-1024x630.png\" alt=\"\" class=\"wp-image-94\" style=\"width:741px;height:auto\" srcset=\"https:\/\/intercor.com.mx\/wp-content\/uploads\/2024\/07\/AnalisisGastos1-1024x630.png 1024w, https:\/\/intercor.com.mx\/wp-content\/uploads\/2024\/07\/AnalisisGastos1-300x185.png 300w, https:\/\/intercor.com.mx\/wp-content\/uploads\/2024\/07\/AnalisisGastos1-768x473.png 768w, https:\/\/intercor.com.mx\/wp-content\/uploads\/2024\/07\/AnalisisGastos1.png 1037w\" sizes=\"auto, (max-width: 1024px) 100vw, 1024px\" \/><\/figure>\n","protected":false},"excerpt":{"rendered":"<p>Intercor ERP le ayuda en sus tareas diarias, adem\u00e1s le ayudara a planear, supervisar y controlar los recursos de su organizaci\u00f3n. Panel de Control, An\u00e1lisis de Ventas \/ Utilidad, CXC, CXP , Gastos Costos directos e indirectos que le determinan la Utilidad total y Utilidad a nivel Articulo<\/p>\n","protected":false},"author":1,"featured_media":0,"parent":0,"menu_order":0,"comment_status":"closed","ping_status":"closed","template":"","meta":{"footnotes":""},"class_list":["post-86","page","type-page","status-publish","hentry"],"_links":{"self":[{"href":"https:\/\/intercor.com.mx\/index.php?rest_route=\/wp\/v2\/pages\/86","targetHints":{"allow":["GET"]}}],"collection":[{"href":"https:\/\/intercor.com.mx\/index.php?rest_route=\/wp\/v2\/pages"}],"about":[{"href":"https:\/\/intercor.com.mx\/index.php?rest_route=\/wp\/v2\/types\/page"}],"author":[{"embeddable":true,"href":"https:\/\/intercor.com.mx\/index.php?rest_route=\/wp\/v2\/users\/1"}],"replies":[{"embeddable":true,"href":"https:\/\/intercor.com.mx\/index.php?rest_route=%2Fwp%2Fv2%2Fcomments&post=86"}],"version-history":[{"count":3,"href":"https:\/\/intercor.com.mx\/index.php?rest_route=\/wp\/v2\/pages\/86\/revisions"}],"predecessor-version":[{"id":95,"href":"https:\/\/intercor.com.mx\/index.php?rest_route=\/wp\/v2\/pages\/86\/revisions\/95"}],"wp:attachment":[{"href":"https:\/\/intercor.com.mx\/index.php?rest_route=%2Fwp%2Fv2%2Fmedia&parent=86"}],"curies":[{"name":"wp","href":"https:\/\/api.w.org\/{rel}","templated":true}]}}